{"id":126,"date":"2021-01-19T13:26:35","date_gmt":"2021-01-19T13:26:35","guid":{"rendered":"http:\/\/marimax.fi\/?page_id=126"},"modified":"2021-10-27T19:42:18","modified_gmt":"2021-10-27T17:42:18","slug":"yrityssiivous","status":"publish","type":"page","link":"https:\/\/marimax.fi\/index.php\/yrityssiivous\/","title":{"rendered":"Yrityssiivous"},"content":{"rendered":"<p>[et_pb_section fb_built=&#8221;1&#8243; admin_label=&#8221;Header&#8221; _builder_version=&#8221;4.7.7&#8243; background_color=&#8221;#000d5b&#8221; background_enable_image=&#8221;off&#8221; module_alignment=&#8221;center&#8221; custom_padding=&#8221;99px||99px|||&#8221; border_width_top=&#8221;5px&#8221; border_color_top=&#8221;#ffffff&#8221; locked=&#8221;off&#8221; global_colors_info=&#8221;{}&#8221;][et_pb_row _builder_version=&#8221;4.7.7&#8243; background_enable_color=&#8221;off&#8221; max_width=&#8221;500px&#8221; global_colors_info=&#8221;{}&#8221;][et_pb_column type=&#8221;4_4&#8243; _builder_version=&#8221;4.4.7&#8243; global_colors_info=&#8221;{}&#8221;][et_pb_text _builder_version=&#8221;4.7.7&#8243; text_font=&#8221;Muli||||||||&#8221; text_font_size=&#8221;22px&#8221; text_line_height=&#8221;1.4em&#8221; header_font=&#8221;Open Sans Condensed||||||||&#8221; header_font_size=&#8221;70px&#8221; text_orientation=&#8221;center&#8221; background_layout=&#8221;dark&#8221; max_width=&#8221;700px&#8221; module_alignment=&#8221;center&#8221; text_font_size_tablet=&#8221;18px&#8221; text_font_size_phone=&#8221;16px&#8221; text_font_size_last_edited=&#8221;on|tablet&#8221; text_line_height_tablet=&#8221;&#8221; text_line_height_phone=&#8221;1.8em&#8221; text_line_height_last_edited=&#8221;on|phone&#8221; header_font_size_tablet=&#8221;48px&#8221; header_font_size_phone=&#8221;30px&#8221; header_font_size_last_edited=&#8221;on|phone&#8221; global_colors_info=&#8221;{}&#8221;]<\/p>\n<h1>Yrityssiivous<\/h1>\n<p>&nbsp;<\/p>\n<p>[\/et_pb_text][et_pb_button button_url=&#8221;https:\/\/marimax.fi\/index.php\/yhteystiedot\/&#8221; button_text=&#8221;Ota yhteytt\u00e4&#8221; button_alignment=&#8221;center&#8221; _builder_version=&#8221;4.9.1&#8243; custom_button=&#8221;on&#8221; button_text_size=&#8221;22px&#8221; button_bg_color=&#8221;#3dce1c&#8221; button_border_width=&#8221;0px&#8221; button_border_radius=&#8221;50px&#8221; button_font=&#8221;Open Sans Condensed|600|||||||&#8221; background_layout=&#8221;dark&#8221; custom_margin=&#8221;50px||||false|false&#8221; custom_padding=&#8221;15px|40px|15px|40px|true|true&#8221; button_text_size_tablet=&#8221;18px&#8221; button_text_size_phone=&#8221;14px&#8221; button_text_size_last_edited=&#8221;on|phone&#8221; locked=&#8221;off&#8221; global_colors_info=&#8221;{}&#8221;][\/et_pb_button][\/et_pb_column][\/et_pb_row][\/et_pb_section][et_pb_section fb_built=&#8221;1&#8243; _builder_version=&#8221;4.7.7&#8243; _module_preset=&#8221;default&#8221; background_enable_image=&#8221;off&#8221; global_colors_info=&#8221;{}&#8221;][et_pb_row column_structure=&#8221;1_2,1_2&#8243; _builder_version=&#8221;4.7.7&#8243; _module_preset=&#8221;default&#8221; global_colors_info=&#8221;{}&#8221;][et_pb_column type=&#8221;1_2&#8243; _builder_version=&#8221;4.7.7&#8243; _module_preset=&#8221;default&#8221; global_colors_info=&#8221;{}&#8221;][et_pb_text _builder_version=&#8221;4.7.7&#8243; _module_preset=&#8221;default&#8221; global_colors_info=&#8221;{}&#8221;]<\/p>\n<h1>Yrityssiivouksia p\u00e4\u00e4kaupunkiseudulla<\/h1>\n<p>Kohde voi olla esim.:<\/p>\n<p>Toimisto<br \/>Liiketila<br \/>Taloyhti\u00f6n raput, yleinen tila (esim.kerhotilat, saunat)<br \/>Uudisrakennus<br \/>Tuotantotila<\/p>\n<p>Olemme siivonneet my\u00f6s lukuisia kotitoimistoja.<\/p>\n<p>Palvelupaketti rakentuu yleens\u00e4 yhdess\u00e4 sovitun palvelusopimuksen pohjalle. N\u00e4in saatte k\u00e4ytt\u00f6\u00f6nne tarpeitanne vastaavat siivouspalvelut s\u00e4\u00e4nn\u00f6llisesti ja luotettavasti. Alussa kartoitetaan yrityksen siivoustarpeet.<\/p>\n<p>Sopimussiivousten lis\u00e4ksi, teemme my\u00f6s tarvittaessa kertasiivouksia my\u00f6s yrityksille.<\/p>\n<p>Hinta m\u00e4\u00e4r\u00e4ytyy aina kohteen mukaan, joten otathan yhteytt\u00e4 0400 756 956 tai info@marimax.fi<\/p>\n<p>&nbsp;<\/p>\n<p>&nbsp;<\/p>\n<p>[\/et_pb_text][\/et_pb_column][et_pb_column type=&#8221;1_2&#8243; _builder_version=&#8221;4.7.7&#8243; _module_preset=&#8221;default&#8221; global_colors_info=&#8221;{}&#8221;][et_pb_image src=&#8221;https:\/\/marimax.fi\/wp-content\/uploads\/2021\/01\/cleaning-services-19.jpg&#8221; title_text=&#8221;siivous&#8221; _builder_version=&#8221;4.9.1&#8243; _module_preset=&#8221;default&#8221; global_colors_info=&#8221;{}&#8221;][\/et_pb_image][\/et_pb_column][\/et_pb_row][\/et_pb_section]<\/p>\n","protected":false},"excerpt":{"rendered":"<p>Yrityssiivous &nbsp;Yrityssiivouksia p\u00e4\u00e4kaupunkiseudulla Kohde voi olla esim.: ToimistoLiiketilaTaloyhti\u00f6n raput, yleinen tila (esim.kerhotilat, saunat)UudisrakennusTuotantotila Olemme siivonneet my\u00f6s lukuisia kotitoimistoja. Palvelupaketti rakentuu yleens\u00e4 yhdess\u00e4 sovitun palvelusopimuksen pohjalle. N\u00e4in saatte k\u00e4ytt\u00f6\u00f6nne tarpeitanne vastaavat siivouspalvelut s\u00e4\u00e4nn\u00f6llisesti ja luotettavasti. Alussa kartoitetaan yrityksen siivoustarpeet. Sopimussiivousten lis\u00e4ksi, teemme my\u00f6s tarvittaessa kertasiivouksia my\u00f6s yrityksille. Hinta m\u00e4\u00e4r\u00e4ytyy aina kohteen mukaan, joten otathan yhteytt\u00e4 0400 [&hellip;]<\/p>\n","protected":false},"author":1,"featured_media":0,"parent":0,"menu_order":0,"comment_status":"closed","ping_status":"closed","template":"","meta":{"_et_pb_use_builder":"on","_et_pb_old_content":"","_et_gb_content_width":"","footnotes":""},"class_list":["post-126","page","type-page","status-publish","hentry"],"_links":{"self":[{"href":"https:\/\/marimax.fi\/index.php\/wp-json\/wp\/v2\/pages\/126","targetHints":{"allow":["GET"]}}],"collection":[{"href":"https:\/\/marimax.fi\/index.php\/wp-json\/wp\/v2\/pages"}],"about":[{"href":"https:\/\/marimax.fi\/index.php\/wp-json\/wp\/v2\/types\/page"}],"author":[{"embeddable":true,"href":"https:\/\/marimax.fi\/index.php\/wp-json\/wp\/v2\/users\/1"}],"replies":[{"embeddable":true,"href":"https:\/\/marimax.fi\/index.php\/wp-json\/wp\/v2\/comments?post=126"}],"version-history":[{"count":11,"href":"https:\/\/marimax.fi\/index.php\/wp-json\/wp\/v2\/pages\/126\/revisions"}],"predecessor-version":[{"id":268,"href":"https:\/\/marimax.fi\/index.php\/wp-json\/wp\/v2\/pages\/126\/revisions\/268"}],"wp:attachment":[{"href":"https:\/\/marimax.fi\/index.php\/wp-json\/wp\/v2\/media?parent=126"}],"curies":[{"name":"wp","href":"https:\/\/api.w.org\/{rel}","templated":true}]}}