{"id":64,"date":"2021-01-11T12:33:52","date_gmt":"2021-01-11T12:33:52","guid":{"rendered":"http:\/\/marimax.fi\/?page_id=64"},"modified":"2025-01-22T21:31:53","modified_gmt":"2025-01-22T19:31:53","slug":"hinnasto","status":"publish","type":"page","link":"https:\/\/marimax.fi\/index.php\/hinnasto\/","title":{"rendered":"Hinnasto"},"content":{"rendered":"<p>[et_pb_section fb_built=&#8221;1&#8243; admin_label=&#8221;Header&#8221; _builder_version=&#8221;4.16&#8243; background_color=&#8221;#000d5b&#8221; background_enable_image=&#8221;off&#8221; module_alignment=&#8221;center&#8221; custom_padding=&#8221;99px||99px|||&#8221; border_width_top=&#8221;5px&#8221; border_color_top=&#8221;#ffffff&#8221; locked=&#8221;off&#8221; global_colors_info=&#8221;{}&#8221;][et_pb_row _builder_version=&#8221;4.16&#8243; background_enable_color=&#8221;off&#8221; max_width=&#8221;500px&#8221; global_colors_info=&#8221;{}&#8221;][et_pb_column type=&#8221;4_4&#8243; _builder_version=&#8221;4.16&#8243; global_colors_info=&#8221;{}&#8221;][et_pb_text _builder_version=&#8221;4.16&#8243; text_font=&#8221;Open Sans Condensed||||||||&#8221; text_font_size=&#8221;22px&#8221; text_line_height=&#8221;1.4em&#8221; header_font=&#8221;Open Sans Condensed||||||||&#8221; header_font_size=&#8221;70px&#8221; text_orientation=&#8221;center&#8221; background_layout=&#8221;dark&#8221; max_width=&#8221;700px&#8221; module_alignment=&#8221;center&#8221; text_font_size_tablet=&#8221;18px&#8221; text_font_size_phone=&#8221;16px&#8221; text_font_size_last_edited=&#8221;on|tablet&#8221; text_line_height_tablet=&#8221;&#8221; text_line_height_phone=&#8221;1.8em&#8221; text_line_height_last_edited=&#8221;on|phone&#8221; header_font_size_tablet=&#8221;48px&#8221; header_font_size_phone=&#8221;30px&#8221; header_font_size_last_edited=&#8221;on|phone&#8221; global_colors_info=&#8221;{}&#8221;]<\/p>\n<h1>Hinnasto<\/h1>\n<p>Hinnasto kotitalouksille.<\/p>\n<p>[\/et_pb_text][et_pb_button button_url=&#8221;https:\/\/marimax.fi\/index.php\/tutustumissiivous\/&#8221; button_text=&#8221;Tilaa siivous!&#8221; button_alignment=&#8221;center&#8221; _builder_version=&#8221;4.16&#8243; custom_button=&#8221;on&#8221; button_text_size=&#8221;22px&#8221; button_bg_color=&#8221;#3dce1c&#8221; button_border_width=&#8221;0px&#8221; button_border_radius=&#8221;50px&#8221; button_font=&#8221;Open Sans Condensed|600|||||||&#8221; background_layout=&#8221;dark&#8221; custom_margin=&#8221;50px||||false|false&#8221; custom_padding=&#8221;15px|40px|15px|40px|true|true&#8221; button_text_size_tablet=&#8221;18px&#8221; button_text_size_phone=&#8221;14px&#8221; button_text_size_last_edited=&#8221;on|phone&#8221; locked=&#8221;off&#8221; global_colors_info=&#8221;{}&#8221;][\/et_pb_button][\/et_pb_column][\/et_pb_row][\/et_pb_section][et_pb_section fb_built=&#8221;1&#8243; _builder_version=&#8221;4.16&#8243; _module_preset=&#8221;default&#8221; global_colors_info=&#8221;{}&#8221;][et_pb_row _builder_version=&#8221;4.16&#8243; _module_preset=&#8221;default&#8221; global_colors_info=&#8221;{}&#8221;][et_pb_column type=&#8221;4_4&#8243; _builder_version=&#8221;4.16&#8243; _module_preset=&#8221;default&#8221; global_colors_info=&#8221;{}&#8221;][et_pb_text _builder_version=&#8221;4.16&#8243; _module_preset=&#8221;default&#8221; global_colors_info=&#8221;{}&#8221;]<\/p>\n<p><span>5VIHTI, NUMMELA, NURMIJ\u00c4RVI JA KLAUKKALA<\/span><\/p>\n<table class=\"table\" width=\"1083\" height=\"177\">\n<tbody>\n<tr>\n<td>S\u00e4\u00e4nn\u00f6llinen siivous<\/td>\n<td class=\"align-right\">46\/h (sis. alv 25,5%)<\/td>\n<\/tr>\n<tr>\n<td>Kertaluontoinen siivous<\/td>\n<td class=\"align-right\">49\u20ac\/h (sis. alv 25,5%)<\/td>\n<\/tr>\n<tr>\n<td>Ikkunoiden pesut<\/td>\n<td class=\"align-right\">49\u20ac\/h (sis. alv 25,5%)<\/td>\n<\/tr>\n<tr>\n<td>Peruspesut<\/td>\n<td class=\"align-right\">\n<p>49\u20ac\/h (sis. alv 25,5%)<\/p>\n<\/td>\n<\/tr>\n<tr>\n<td><\/td>\n<td class=\"align-right\"><\/td>\n<\/tr>\n<\/tbody>\n<\/table>\n<p><span>HELSINKI, VANTAA JA ESPOO<\/span><\/p>\n<table class=\"table\" width=\"1082\" height=\"86\">\n<tbody>\n<tr>\n<td>Kotisiivoukset<\/td>\n<td class=\"align-right\">51\u20ac\/h (sis. alv 25,5%)<\/td>\n<\/tr>\n<tr>\n<td>Peruspesut ja ikkunoiden pesut<\/td>\n<td class=\"align-right\">\n<p>53\u20ac\/h (sis. alv 25,5%)<\/p>\n<p>&nbsp;<\/p>\n<\/td>\n<\/tr>\n<\/tbody>\n<\/table>\n<p><span><\/span><\/p>\n<p><span>Ehdot: Jos siivous perutaan samana p\u00e4iv\u00e4n\u00e4 ilman p\u00e4tev\u00e4\u00e4 syyt\u00e4, niin siit\u00e4 laskutetaan 2h hinta.<\/span><\/p>\n<p><span>Laskutuslis\u00e4 alkaen 4\u20ac<\/span><\/p>\n<p><span>Kotitalousv\u00e4hennys tehdyst\u00e4 ty\u00f6st\u00e4 on -35% vuonna 2025<\/span><span><\/span><span><\/span><span><\/span><\/p>\n<p><span>Hinnat tarkistetaan vuosittain.<\/span><\/p>\n<p><span><\/span><\/p>\n<p><span>HINNAT TARKISTETAAN VUOSITTAIN<\/span><\/p>\n<table class=\"table\">\n<tbody>\n<tr>\n<td><span>VUOKRAUSHINNAT<\/span><\/td>\n<td class=\"align-right\"><span>Hinta<\/span><\/td>\n<\/tr>\n<tr>\n<td><span>K\u00e4rcher puzzi 10\/2 painehuuhtelulaite<\/span><\/td>\n<td class=\"align-right\"><span>31\u20ac\/vrk, 51\u20ac\/2vrk (sis. alv 25,5%)<\/span><\/td>\n<\/tr>\n<tr>\n<td><span>Pesuainetabletti<\/span><\/td>\n<td class=\"align-right\">1kpl 2<span>\u20ac<\/span><\/td>\n<\/tr>\n<\/tbody>\n<\/table>\n<p><span>Laitteen haku ja palautus Vihti\/Haimoo tai sopimuksen mukaan.<\/span><\/p>\n<p><span><\/span><\/p>\n<p><span><\/span><\/p>\n<p>[\/et_pb_text][et_pb_text _builder_version=&#8221;4.16&#8243; _module_preset=&#8221;default&#8221; global_colors_info=&#8221;{}&#8221;]<\/p>\n<p><strong>Arvonlis\u00e4verottomat siivouspalvelut Vihti, Karkkila ja Nurmij\u00e4rvi: <\/strong>Hinta alkaen 38,50h\u00a0 alv 0%<\/p>\n<p><em> Arvonlis\u00e4verottomia kotisiivouspalveluita on oikeutettu ostamaan henkil\u00f6, jonka toimintakyky on alentunut esimerkiksi i\u00e4n tai sairauden takia.<\/em><\/p>\n<p>[\/et_pb_text][et_pb_text _builder_version=&#8221;4.16&#8243; _module_preset=&#8221;default&#8221; global_colors_info=&#8221;{}&#8221;]<\/p>\n<p>Veloitus alkaa asiakkaalta ja p\u00e4\u00e4ttyy asiakkaalle, minimiveloitus 2h hinta.\u00a0\u00a0\u00a0\u00a0\u00a0\u00a0\u00a0\u00a0\u00a0\u00a0\u00a0\u00a0\u00a0\u00a0\u00a0\u00a0\u00a0\u00a0\u00a0\u00a0\u00a0\u00a0\u00a0\u00a0\u00a0\u00a0\u00a0\u00a0\u00a0\u00a0\u00a0\u00a0\u00a0\u00a0\u00a0\u00a0\u00a0\u00a0\u00a0\u00a0\u00a0\u00a0\u00a0\u00a0\u00a0\u00a0\u00a0\u00a0\u00a0\u00a0\u00a0\u00a0\u00a0\u00a0\u00a0\u00a0\u00a0\u00a0\u00a0\u00a0\u00a0\u00a0\u00a0\u00a0\u00a0\u00a0\u00a0\u00a0\u00a0\u00a0\u00a0\u00a0\u00a0\u00a0\u00a0\u00a0\u00a0\u00a0\u00a0\u00a0\u00a0\u00a0\u00a0\u00a0\u00a0\u00a0\u00a0\u00a0\u00a0\u00a0\u00a0\u00a0\u00a0\u00a0\u00a0\u00a0\u00a0\u00a0\u00a0\u00a0\u00a0\u00a0\u00a0\u00a0\u00a0\u00a0\u00a0\u00a0\u00a0\u00a0\u00a0\u00a0\u00a0<\/p>\n<p>\u00a0Matkakulut sopimuksen mukaan.<\/p>\n<p>Aikaveloituksessa py\u00f6ristys seuraavaan puoleen tuntiin.<\/p>\n<p>Peruutusehdot:\u00a0<span>Ilmoitathan perumisen viimeist\u00e4\u00e4n edellisen\u00e4 arkip\u00e4iv\u00e4n\u00e4.<\/span><br \/><span>Samana p\u00e4iv\u00e4n\u00e4 peruutetuista tai peruuttamattomista siivouksista veloitus 100% palvelun hinnasta. Peruutukset puhelimitse 0400 756 956 tai viestill\u00e4.<br \/><\/span><\/p>\n<p>[\/et_pb_text][\/et_pb_column][\/et_pb_row][\/et_pb_section][et_pb_section fb_built=&#8221;1&#8243; _builder_version=&#8221;4.16&#8243; _module_preset=&#8221;default&#8221; global_colors_info=&#8221;{}&#8221;][\/et_pb_section]<\/p>\n","protected":false},"excerpt":{"rendered":"<p>Hinnasto Hinnasto kotitalouksille.5VIHTI, NUMMELA, NURMIJ\u00c4RVI JA KLAUKKALA S\u00e4\u00e4nn\u00f6llinen siivous 46\/h (sis. alv 25,5%) Kertaluontoinen siivous 49\u20ac\/h (sis. alv 25,5%) Ikkunoiden pesut 49\u20ac\/h (sis. alv 25,5%) Peruspesut 49\u20ac\/h (sis. alv 25,5%) HELSINKI, VANTAA JA ESPOO Kotisiivoukset 51\u20ac\/h (sis. alv 25,5%) Peruspesut ja ikkunoiden pesut 53\u20ac\/h (sis. alv 25,5%) &nbsp; Ehdot: Jos siivous perutaan samana p\u00e4iv\u00e4n\u00e4 ilman [&hellip;]<\/p>\n","protected":false},"author":1,"featured_media":0,"parent":0,"menu_order":0,"comment_status":"closed","ping_status":"closed","template":"","meta":{"_et_pb_use_builder":"on","_et_pb_old_content":"","_et_gb_content_width":"","footnotes":""},"class_list":["post-64","page","type-page","status-publish","hentry"],"_links":{"self":[{"href":"https:\/\/marimax.fi\/index.php\/wp-json\/wp\/v2\/pages\/64","targetHints":{"allow":["GET"]}}],"collection":[{"href":"https:\/\/marimax.fi\/index.php\/wp-json\/wp\/v2\/pages"}],"about":[{"href":"https:\/\/marimax.fi\/index.php\/wp-json\/wp\/v2\/types\/page"}],"author":[{"embeddable":true,"href":"https:\/\/marimax.fi\/index.php\/wp-json\/wp\/v2\/users\/1"}],"replies":[{"embeddable":true,"href":"https:\/\/marimax.fi\/index.php\/wp-json\/wp\/v2\/comments?post=64"}],"version-history":[{"count":36,"href":"https:\/\/marimax.fi\/index.php\/wp-json\/wp\/v2\/pages\/64\/revisions"}],"predecessor-version":[{"id":331,"href":"https:\/\/marimax.fi\/index.php\/wp-json\/wp\/v2\/pages\/64\/revisions\/331"}],"wp:attachment":[{"href":"https:\/\/marimax.fi\/index.php\/wp-json\/wp\/v2\/media?parent=64"}],"curies":[{"name":"wp","href":"https:\/\/api.w.org\/{rel}","templated":true}]}}