{"id":72,"date":"2021-01-14T09:42:37","date_gmt":"2021-01-14T09:42:37","guid":{"rendered":"http:\/\/marimax.fi\/?page_id=72"},"modified":"2024-10-12T21:47:35","modified_gmt":"2024-10-12T19:47:35","slug":"yhteystiedot","status":"publish","type":"page","link":"https:\/\/marimax.fi\/index.php\/yhteystiedot\/","title":{"rendered":"Yhteystiedot"},"content":{"rendered":"<p>[et_pb_section fb_built=&#8221;1&#8243; admin_label=&#8221;Header&#8221; _builder_version=&#8221;4.16&#8243; background_color=&#8221;#000d5b&#8221; background_enable_image=&#8221;off&#8221; module_alignment=&#8221;center&#8221; custom_padding=&#8221;99px||99px|||&#8221; hover_enabled=&#8221;0&#8243; border_width_top=&#8221;5px&#8221; border_color_top=&#8221;#ffffff&#8221; locked=&#8221;off&#8221; global_colors_info=&#8221;{}&#8221; sticky_enabled=&#8221;0&#8243;][et_pb_row _builder_version=&#8221;4.16&#8243; background_enable_color=&#8221;off&#8221; max_width=&#8221;500px&#8221; global_colors_info=&#8221;{}&#8221;][et_pb_column type=&#8221;4_4&#8243; _builder_version=&#8221;4.16&#8243; global_colors_info=&#8221;{}&#8221;][et_pb_text _builder_version=&#8221;4.16&#8243; text_font=&#8221;Muli||||||||&#8221; text_font_size=&#8221;22px&#8221; text_line_height=&#8221;1.4em&#8221; header_font=&#8221;Open Sans Condensed||||||||&#8221; header_font_size=&#8221;70px&#8221; text_orientation=&#8221;center&#8221; background_layout=&#8221;dark&#8221; max_width=&#8221;700px&#8221; module_alignment=&#8221;center&#8221; hover_enabled=&#8221;0&#8243; text_font_size_tablet=&#8221;18px&#8221; text_font_size_phone=&#8221;16px&#8221; text_font_size_last_edited=&#8221;on|tablet&#8221; text_line_height_tablet=&#8221;&#8221; text_line_height_phone=&#8221;1.8em&#8221; text_line_height_last_edited=&#8221;on|phone&#8221; header_font_size_tablet=&#8221;48px&#8221; header_font_size_phone=&#8221;30px&#8221; header_font_size_last_edited=&#8221;on|phone&#8221; global_colors_info=&#8221;{}&#8221; sticky_enabled=&#8221;0&#8243;]<\/p>\n<h1>Yhteystiedot<\/h1>\n<p>[\/et_pb_text][\/et_pb_column][\/et_pb_row][\/et_pb_section][et_pb_section fb_built=&#8221;1&#8243; _builder_version=&#8221;4.16&#8243; _module_preset=&#8221;default&#8221; global_colors_info=&#8221;{}&#8221;][et_pb_row column_structure=&#8221;1_2,1_2&#8243; _builder_version=&#8221;4.16&#8243; _module_preset=&#8221;default&#8221; global_colors_info=&#8221;{}&#8221;][et_pb_column type=&#8221;1_2&#8243; _builder_version=&#8221;4.16&#8243; _module_preset=&#8221;default&#8221; global_colors_info=&#8221;{}&#8221;][et_pb_text _builder_version=&#8221;4.16&#8243; _module_preset=&#8221;default&#8221; global_colors_info=&#8221;{}&#8221;]<\/p>\n<p><strong>Marimax Oy<\/strong><\/p>\n<p><span>Y-tunnus:\u00a03103314-7<\/span><\/p>\n<p><span>Puh: 0400 756 956<\/span><\/p>\n<p>S\u00e4hk\u00f6posti: <a href=\"info@marimax.fi\">info@marimax.fi<\/a><\/p>\n<p><span style=\"color: #205b0b;\"><strong><em>Huom. Parhaiten tavoitat viestill\u00e4<\/em><\/strong><\/span><\/p>\n<p>Toimimme Vihdiss\u00e4 sek\u00e4 l\u00e4hikunnissa.<\/p>\n<p>[\/et_pb_text][\/et_pb_column][et_pb_column type=&#8221;1_2&#8243; _builder_version=&#8221;4.16&#8243; _module_preset=&#8221;default&#8221; global_colors_info=&#8221;{}&#8221;][et_pb_image src=&#8221;https:\/\/www.yrittajat.fi\/sites\/default\/files\/jasenyritys_2021_200x100_fin.png&#8221; url=&#8221;https:\/\/www.yrittajat.fi\/sites\/default\/files\/jasenyritys_2021_200x100_fin.png&#8221; _builder_version=&#8221;4.16&#8243; _module_preset=&#8221;default&#8221; global_colors_info=&#8221;{}&#8221;][\/et_pb_image][et_pb_image src=&#8221;http:\/\/marimax.fi\/wp-content\/uploads\/2021\/02\/LK_valkoinen_rgb.jpg&#8221; title_text=&#8221;LK_valkoinen_rgb&#8221; url=&#8221;https:\/\/www.yrittajat.fi\/sites\/default\/files\/jasenyritys_2021_200x100_fin.png&#8221; _builder_version=&#8221;4.16&#8243; _module_preset=&#8221;default&#8221; width=&#8221;200px&#8221; global_colors_info=&#8221;{}&#8221;][\/et_pb_image][\/et_pb_column][\/et_pb_row][\/et_pb_section]<\/p>\n","protected":false},"excerpt":{"rendered":"<p>YhteystiedotMarimax Oy Y-tunnus:\u00a03103314-7 Puh: 0400 756 956 S\u00e4hk\u00f6posti: info@marimax.fi Huom. Parhaiten tavoitat viestill\u00e4 Toimimme Vihdiss\u00e4 sek\u00e4 l\u00e4hikunnissa.<\/p>\n","protected":false},"author":1,"featured_media":0,"parent":0,"menu_order":0,"comment_status":"closed","ping_status":"closed","template":"","meta":{"_et_pb_use_builder":"on","_et_pb_old_content":"","_et_gb_content_width":"","footnotes":""},"class_list":["post-72","page","type-page","status-publish","hentry"],"_links":{"self":[{"href":"https:\/\/marimax.fi\/index.php\/wp-json\/wp\/v2\/pages\/72","targetHints":{"allow":["GET"]}}],"collection":[{"href":"https:\/\/marimax.fi\/index.php\/wp-json\/wp\/v2\/pages"}],"about":[{"href":"https:\/\/marimax.fi\/index.php\/wp-json\/wp\/v2\/types\/page"}],"author":[{"embeddable":true,"href":"https:\/\/marimax.fi\/index.php\/wp-json\/wp\/v2\/users\/1"}],"replies":[{"embeddable":true,"href":"https:\/\/marimax.fi\/index.php\/wp-json\/wp\/v2\/comments?post=72"}],"version-history":[{"count":16,"href":"https:\/\/marimax.fi\/index.php\/wp-json\/wp\/v2\/pages\/72\/revisions"}],"predecessor-version":[{"id":327,"href":"https:\/\/marimax.fi\/index.php\/wp-json\/wp\/v2\/pages\/72\/revisions\/327"}],"wp:attachment":[{"href":"https:\/\/marimax.fi\/index.php\/wp-json\/wp\/v2\/media?parent=72"}],"curies":[{"name":"wp","href":"https:\/\/api.w.org\/{rel}","templated":true}]}}